{"id":4686,"date":"2021-12-21T14:17:45","date_gmt":"2021-12-21T13:17:45","guid":{"rendered":"https:\/\/www.ilove.rio\/?page_id=4686"},"modified":"2023-05-09T19:25:49","modified_gmt":"2023-05-09T17:25:49","slug":"support-us-donate","status":"publish","type":"page","link":"https:\/\/www.ilove.rio\/fr\/support-us-donate\/","title":{"rendered":"Soutenez-nous, faites un don"},"content":{"rendered":"<div data-elementor-type=\"wp-page\" data-elementor-id=\"4686\" class=\"elementor elementor-4686\">\n\t\t\t\t\t\t\t\t\t<section class=\"elementor-section elementor-top-section elementor-element elementor-element-2cf159a2 elementor-section-height-min-height elementor-section-boxed elementor-section-height-default elementor-section-items-middle\" data-id=\"2cf159a2\" data-element_type=\"section\" data-settings=\"{&quot;background_background&quot;:&quot;slideshow&quot;,&quot;background_slideshow_gallery&quot;:[{&quot;id&quot;:4334,&quot;url&quot;:&quot;https:\\\/\\\/www.ilove.rio\\\/wp-content\\\/uploads\\\/2021\\\/12\\\/Bandeau-top-corcovado-1600x600-1.jpg&quot;},{&quot;id&quot;:4342,&quot;url&quot;:&quot;https:\\\/\\\/www.ilove.rio\\\/wp-content\\\/uploads\\\/2021\\\/12\\\/Bandeau-top-Mur-du-son-1600x600-1.jpg&quot;},{&quot;id&quot;:4343,&quot;url&quot;:&quot;https:\\\/\\\/www.ilove.rio\\\/wp-content\\\/uploads\\\/2021\\\/12\\\/Bandeau-top-praiario-1600x600-1.jpg&quot;},{&quot;id&quot;:4337,&quot;url&quot;:&quot;https:\\\/\\\/www.ilove.rio\\\/wp-content\\\/uploads\\\/2021\\\/12\\\/Bandeau-top-favelasnight-1600x600-1.jpg&quot;}],&quot;background_slideshow_ken_burns&quot;:&quot;yes&quot;,&quot;shape_divider_bottom&quot;:&quot;waves&quot;,&quot;background_slideshow_loop&quot;:&quot;yes&quot;,&quot;background_slideshow_slide_duration&quot;:5000,&quot;background_slideshow_slide_transition&quot;:&quot;fade&quot;,&quot;background_slideshow_transition_duration&quot;:500,&quot;background_slideshow_ken_burns_zoom_direction&quot;:&quot;in&quot;}\">\n\t\t\t\t\t\t\t<div class=\"elementor-background-overlay\"><\/div>\n\t\t\t\t\t\t<div class=\"elementor-shape elementor-shape-bottom\" data-negative=\"false\">\n\t\t\t<svg xmlns=\"http:\/\/www.w3.org\/2000\/svg\" viewbox=\"0 0 1000 100\" preserveaspectratio=\"none\">\n\t<path class=\"elementor-shape-fill\" d=\"M421.9,6.5c22.6-2.5,51.5,0.4,75.5,5.3c23.6,4.9,70.9,23.5,100.5,35.7c75.8,32.2,133.7,44.5,192.6,49.7\tc23.6,2.1,48.7,3.5,103.4-2.5c54.7-6,106.2-25.6,106.2-25.6V0H0v30.3c0,0,72,32.6,158.4,30.5c39.2-0.7,92.8-6.7,134-22.4\tc21.2-8.1,52.2-18.2,79.7-24.2C399.3,7.9,411.6,7.5,421.9,6.5z\"\/>\n<\/svg>\t\t<\/div>\n\t\t\t\t\t<div class=\"elementor-container elementor-column-gap-no\">\n\t\t\t\t\t<div class=\"elementor-column elementor-col-100 elementor-top-column elementor-element elementor-element-79dc3f34\" data-id=\"79dc3f34\" data-element_type=\"column\">\n\t\t\t<div class=\"elementor-widget-wrap elementor-element-populated\">\n\t\t\t\t\t\t\t\t<div class=\"elementor-element elementor-element-277b734 elementor-widget elementor-widget-heading\" data-id=\"277b734\" data-element_type=\"widget\" data-widget_type=\"heading.default\">\n\t\t\t\t<div class=\"elementor-widget-container\">\n\t\t\t<style>\/*! elementor - v3.12.1 - 02-04-2023 *\/\n.elementor-heading-title{padding:0;margin:0;line-height:1}.elementor-widget-heading .elementor-heading-title[class*=elementor-size-]>a{color:inherit;font-size:inherit;line-height:inherit}.elementor-widget-heading .elementor-heading-title.elementor-size-small{font-size:15px}.elementor-widget-heading .elementor-heading-title.elementor-size-medium{font-size:19px}.elementor-widget-heading .elementor-heading-title.elementor-size-large{font-size:29px}.elementor-widget-heading .elementor-heading-title.elementor-size-xl{font-size:39px}.elementor-widget-heading .elementor-heading-title.elementor-size-xxl{font-size:59px}<\/style><h2 class=\"elementor-heading-title elementor-size-default\">SOUTENEZ-NOUS !<br>NOUS AVONS BESOIN DE VOTRE AIDE POUR GRANDIR ET PROGRESSER<\/h2>\t\t<\/div>\n\t\t\t\t<\/div>\n\t\t\t\t\t<\/div>\n\t\t<\/div>\n\t\t\t\t\t\t\t<\/div>\n\t\t<\/section>\n\t\t\t\t<section class=\"elementor-section elementor-top-section elementor-element elementor-element-7d09bc3 elementor-section-boxed elementor-section-height-default elementor-section-height-default\" data-id=\"7d09bc3\" data-element_type=\"section\">\n\t\t\t\t\t\t<div class=\"elementor-container elementor-column-gap-default\">\n\t\t\t\t\t<div class=\"elementor-column elementor-col-100 elementor-top-column elementor-element elementor-element-499ffdc\" data-id=\"499ffdc\" data-element_type=\"column\">\n\t\t\t<div class=\"elementor-widget-wrap elementor-element-populated\">\n\t\t\t\t\t\t\t\t<div class=\"elementor-element elementor-element-b7cb520 elementor-headline--style-highlight elementor-widget elementor-widget-animated-headline\" data-id=\"b7cb520\" data-element_type=\"widget\" data-settings=\"{&quot;marker&quot;:&quot;underline_zigzag&quot;,&quot;highlighted_text&quot;:&quot;your support&quot;,&quot;headline_style&quot;:&quot;highlight&quot;,&quot;loop&quot;:&quot;yes&quot;,&quot;highlight_animation_duration&quot;:1200,&quot;highlight_iteration_delay&quot;:8000}\" data-widget_type=\"animated-headline.default\">\n\t\t\t\t<div class=\"elementor-widget-container\">\n\t\t\t<link rel=\"stylesheet\" href=\"https:\/\/www.ilove.rio\/wp-content\/plugins\/elementor-pro\/assets\/css\/widget-animated-headline.min.css\">\t\t<h3 class=\"elementor-headline\">\n\t\t\t\t\t<span class=\"elementor-headline-plain-text elementor-headline-text-wrapper\">Nous avons besoin de<\/span>\n\t\t\t\t<span class=\"elementor-headline-dynamic-wrapper elementor-headline-text-wrapper\">\n\t\t\t\t\t<span class=\"elementor-headline-dynamic-text elementor-headline-text-active\">votre soutien<\/span>\n\t\t\t\t<\/span>\n\t\t\t\t\t<span class=\"elementor-headline-plain-text elementor-headline-text-wrapper\">et de votre don<\/span>\n\t\t\t\t\t<\/h3>\n\t\t\t\t<\/div>\n\t\t\t\t<\/div>\n\t\t\t\t<div class=\"elementor-element elementor-element-55da8dd elementor-widget elementor-widget-text-editor\" data-id=\"55da8dd\" data-element_type=\"widget\" data-widget_type=\"text-editor.default\">\n\t\t\t\t<div class=\"elementor-widget-container\">\n\t\t\t<style>\/*! elementor - v3.12.1 - 02-04-2023 *\/\n.elementor-widget-text-editor.elementor-drop-cap-view-stacked .elementor-drop-cap{background-color:#69727d;color:#fff}.elementor-widget-text-editor.elementor-drop-cap-view-framed .elementor-drop-cap{color:#69727d;border:3px solid;background-color:transparent}.elementor-widget-text-editor:not(.elementor-drop-cap-view-default) .elementor-drop-cap{margin-top:8px}.elementor-widget-text-editor:not(.elementor-drop-cap-view-default) .elementor-drop-cap-letter{width:1em;height:1em}.elementor-widget-text-editor .elementor-drop-cap{float:left;text-align:center;line-height:1;font-size:50px}.elementor-widget-text-editor .elementor-drop-cap-letter{display:inline-block}<\/style>\t\t\t\t<p><strong>Message de PAUL-IN-RIO (alias Laurent Cappoen) fondateur de ILOVE.RIO et pr\u00e9sident de l'association OBA! CULTURA :<\/strong><\/p><p>ILOVE.RIO est un m\u00e9dia unique et passionnant 100% d\u00e9di\u00e9 \u00e0 la musique et aux cultures br\u00e9siliennes et \"carioca\". Les web radios et la cha\u00eene TV digitale ILOVE.RIO rassemblent chaque mois des centaines de milliers d'amoureux du Br\u00e9sil. Nos web radios sont accessibles en ligne partout et sont suivies par les amateurs de musique br\u00e9silienne du monde entier.<\/p><p>Le commerce n'a rien de monstrueux et la publicit\u00e9 n'est pas un mal en soi. Mais ni l'un ni l'autre n'ont vraiment leur place dans nos m\u00e9dias et sur nos ondes. Elle est contre nature et surtout elle n'est pas adapt\u00e9e aux auditeurs d'aujourd'hui et de demain. Nous n'en voulons donc pas sur ILOVE.RIO et ses m\u00e9dias. ILOVE.RIO est un espace particulier sur le web. Comme une discoth\u00e8que br\u00e9silienne id\u00e9ale, c'est un refuge pour le cerveau et les oreilles. C'est un endroit merveilleux o\u00f9 tout amoureux du Br\u00e9sil peut fermer les yeux et r\u00eaver. \"O pais de todos\", le pays de tous, le pays de l'avenir nous invite \u00e0 nous \u00e9vader.<\/p><p>En fondant d'abord nos 3 web radios, puis notre cha\u00eene TV digitale, j'aurais pu cr\u00e9er une entreprise commerciale et vendre des espaces publicitaires et chercher de l'audience \u00e0 tout prix, mais j'ai d\u00e9cid\u00e9 de faire autrement. J'ai travaill\u00e9 dur au fil des ann\u00e9es pour pr\u00e9server l'\u00e2me, l'esprit, le pur jus 100% vitamines afin que notre m\u00e9dia soit efficace et \u00e9conomique. Aujourd'hui, nous remplissons toujours notre mission. Si chaque personne qui \u00e9coute ou lit ce message nous donnait quelque chose, notre collecte de fonds serait termin\u00e9e en quelques jours !<\/p><p>Pensez \u00e0 tout ce que nous pouvons accomplir ensemble.<\/p><p>Si vous le souhaitez, vous pouvez aider ILOVE.RIO \u00e0 aller plus loin en vous joignant \u00e0 nous et en faisant un don \u00e0 notre association OBA! CULTURA. Choisissez un montant qui correspond \u00e0 vos moyens. Il n'y a pas de diff\u00e9rence entre une petite et une grande contribution financi\u00e8re. Il n'y a que vous et nous pour partager et faire conna\u00eetre - ensemble - notre passion pour la musique et la culture br\u00e9siliennes.<\/p><p><strong>Votre soutien nous permet de financer nos m\u00e9dias libres et ind\u00e9pendants r\u00e9unis sur ILOVE.RIO. Vos dons nous permettent de financer :<\/strong><\/p><p>1. nos moyens techniques, nos outils de production et, dans la mesure du possible, notre \u00e9quipe d\u00e9vou\u00e9e,<\/p><p>et si nous pouvons esp\u00e9rer d'avantage :<\/p><p>2. productions d'artistes br\u00e9siliens et productions de films documentaires et de reportages consacr\u00e9s \u00e0 la musique et \u00e0 la culture br\u00e9siliennes.<\/p><p>3. le d\u00e9veloppement de concerts et de tourn\u00e9es d'artistes br\u00e9siliens et m\u00eame, si l'on peut r\u00eaver : un festival de talents br\u00e9siliens.<\/p><p>4. le d\u00e9veloppement de nos m\u00e9dias et contenus sur le web et les m\u00e9dias OTT.<\/p><p>Nous allons \u00e9voluer dans les mois \u00e0 venir pour vous apporter le meilleur de l'art de la joie de vivre et de la culture br\u00e9silienne. Cette ann\u00e9e, pensez \u00e0 faire un don de $6 ou $12 ou $24 ou $48 ou m\u00eame $120 annuel ou ponctuel, afin de prot\u00e9ger et pr\u00e9server ILOVE.RIO, nos web radios et notre cha\u00eene TV digitale.<\/p><p>D'avance merci !<\/p>\t\t\t\t\t\t<\/div>\n\t\t\t\t<\/div>\n\t\t\t\t\t<\/div>\n\t\t<\/div>\n\t\t\t\t\t\t\t<\/div>\n\t\t<\/section>\n\t\t\t\t<section class=\"elementor-section elementor-top-section elementor-element elementor-element-860a2f9 elementor-section-boxed elementor-section-height-default elementor-section-height-default\" data-id=\"860a2f9\" data-element_type=\"section\">\n\t\t\t\t\t\t<div class=\"elementor-container elementor-column-gap-default\">\n\t\t\t\t\t<div class=\"elementor-column elementor-col-100 elementor-top-column elementor-element elementor-element-3b03cf2\" data-id=\"3b03cf2\" data-element_type=\"column\">\n\t\t\t<div class=\"elementor-widget-wrap elementor-element-populated\">\n\t\t\t\t\t\t\t\t<div class=\"elementor-element elementor-element-27c37e6 elementor-align-center elementor-tablet-align-center elementor-mobile-align-left elementor-widget elementor-widget-button\" data-id=\"27c37e6\" data-element_type=\"widget\" data-widget_type=\"button.default\">\n\t\t\t\t<div class=\"elementor-widget-container\">\n\t\t\t\t\t<div class=\"elementor-button-wrapper\">\n\t\t\t<a href=\"#elementor-action:action=popup:open&settings=eyJpZCI6IjIyNzIiLCJ0b2dnbGUiOmZhbHNlfQ==\" class=\"elementor-button-link elementor-button elementor-size-sm\" role=\"button\">\n\t\t\t\t\t\t<span class=\"elementor-button-content-wrapper\">\n\t\t\t\t\t\t\t<span class=\"elementor-button-icon elementor-align-icon-right\">\n\t\t\t\t<svg aria-hidden=\"true\" class=\"e-font-icon-svg e-fas-angle-right\" viewbox=\"0 0 256 512\" xmlns=\"http:\/\/www.w3.org\/2000\/svg\"><path d=\"M224.3 273l-136 136c-9.4 9.4-24.6 9.4-33.9 0l-22.6-22.6c-9.4-9.4-9.4-24.6 0-33.9l96.4-96.4-96.4-96.4c-9.4-9.4-9.4-24.6 0-33.9L54.3 103c9.4-9.4 24.6-9.4 33.9 0l136 136c9.5 9.4 9.5 24.6.1 34z\"><\/path><\/svg>\t\t\t<\/span>\n\t\t\t\t\t\t<span class=\"elementor-button-text\"> SOUTENEZ-NOUS, FAITES UN DON MAINTENANT !<\/span>\n\t\t<\/span>\n\t\t\t\t\t<\/a>\n\t\t<\/div>\n\t\t\t\t<\/div>\n\t\t\t\t<\/div>\n\t\t\t\t\t<\/div>\n\t\t<\/div>\n\t\t\t\t\t\t\t<\/div>\n\t\t<\/section>\n\t\t\t\t\t\t\t<\/div>","protected":false},"excerpt":{"rendered":"<p>SOUTENEZ-NOUS!NOUS AVONS BESOIN DE VOTRE AIDE POUR CROITRE ET PROGRESSER Nous avons besoin de votre soutien et de vos dons Message de PAUL-IN-RIO (alias Laurent Cappoen) fondateur de ILOVE.RIO et pr\u00e9sident de l'organisation OBA ! CULTURA : ILOVE.RIO est un m\u00e9dia unique et passionnant d\u00e9di\u00e9 100% \u00e0 la musique et \u00e0 la culture br\u00e9silienne et \"carioca\". Les webradios et la cha\u00eene de t\u00e9l\u00e9vision num\u00e9rique [...]<\/p>","protected":false},"author":2,"featured_media":0,"parent":0,"menu_order":0,"comment_status":"closed","ping_status":"closed","template":"","meta":{"footnotes":""},"class_list":["post-4686","page","type-page","status-publish","hentry"],"acf":[],"_links":{"self":[{"href":"https:\/\/www.ilove.rio\/fr\/wp-json\/wp\/v2\/pages\/4686","targetHints":{"allow":["GET"]}}],"collection":[{"href":"https:\/\/www.ilove.rio\/fr\/wp-json\/wp\/v2\/pages"}],"about":[{"href":"https:\/\/www.ilove.rio\/fr\/wp-json\/wp\/v2\/types\/page"}],"author":[{"embeddable":true,"href":"https:\/\/www.ilove.rio\/fr\/wp-json\/wp\/v2\/users\/2"}],"replies":[{"embeddable":true,"href":"https:\/\/www.ilove.rio\/fr\/wp-json\/wp\/v2\/comments?post=4686"}],"version-history":[{"count":4,"href":"https:\/\/www.ilove.rio\/fr\/wp-json\/wp\/v2\/pages\/4686\/revisions"}],"predecessor-version":[{"id":8898,"href":"https:\/\/www.ilove.rio\/fr\/wp-json\/wp\/v2\/pages\/4686\/revisions\/8898"}],"wp:attachment":[{"href":"https:\/\/www.ilove.rio\/fr\/wp-json\/wp\/v2\/media?parent=4686"}],"curies":[{"name":"wp","href":"https:\/\/api.w.org\/{rel}","templated":true}]}}