{"id":7568,"date":"2022-09-23T17:30:34","date_gmt":"2022-09-23T15:30:34","guid":{"rendered":"https:\/\/www.ilove.rio\/?page_id=7568"},"modified":"2023-05-09T19:26:56","modified_gmt":"2023-05-09T17:26:56","slug":"team","status":"publish","type":"page","link":"https:\/\/www.ilove.rio\/es\/team\/","title":{"rendered":"Equipo"},"content":{"rendered":"<div data-elementor-type=\"wp-page\" data-elementor-id=\"7568\" class=\"elementor elementor-7568\">\n\t\t\t\t\t\t\t\t\t<section class=\"elementor-section elementor-top-section elementor-element elementor-element-246dc922 elementor-section-height-min-height elementor-section-boxed elementor-section-height-default elementor-section-items-middle\" data-id=\"246dc922\" data-element_type=\"section\" data-settings=\"{&quot;background_background&quot;:&quot;slideshow&quot;,&quot;background_slideshow_gallery&quot;:[{&quot;id&quot;:4342,&quot;url&quot;:&quot;https:\\\/\\\/www.ilove.rio\\\/wp-content\\\/uploads\\\/2021\\\/12\\\/Bandeau-top-Mur-du-son-1600x600-1.jpg&quot;},{&quot;id&quot;:4340,&quot;url&quot;:&quot;https:\\\/\\\/www.ilove.rio\\\/wp-content\\\/uploads\\\/2021\\\/12\\\/Bandeau-top-Lula-musica-1600x600-1.jpg&quot;},{&quot;id&quot;:4338,&quot;url&quot;:&quot;https:\\\/\\\/www.ilove.rio\\\/wp-content\\\/uploads\\\/2021\\\/12\\\/Bandeau-top-flagcrowd-1600x600-1.jpg&quot;}],&quot;background_slideshow_ken_burns&quot;:&quot;yes&quot;,&quot;shape_divider_bottom&quot;:&quot;waves&quot;,&quot;background_slideshow_loop&quot;:&quot;yes&quot;,&quot;background_slideshow_slide_duration&quot;:5000,&quot;background_slideshow_slide_transition&quot;:&quot;fade&quot;,&quot;background_slideshow_transition_duration&quot;:500,&quot;background_slideshow_ken_burns_zoom_direction&quot;:&quot;in&quot;}\">\n\t\t\t\t\t\t\t<div class=\"elementor-background-overlay\"><\/div>\n\t\t\t\t\t\t<div class=\"elementor-shape elementor-shape-bottom\" data-negative=\"false\">\n\t\t\t<svg xmlns=\"http:\/\/www.w3.org\/2000\/svg\" viewbox=\"0 0 1000 100\" preserveaspectratio=\"none\">\n\t<path class=\"elementor-shape-fill\" d=\"M421.9,6.5c22.6-2.5,51.5,0.4,75.5,5.3c23.6,4.9,70.9,23.5,100.5,35.7c75.8,32.2,133.7,44.5,192.6,49.7\tc23.6,2.1,48.7,3.5,103.4-2.5c54.7-6,106.2-25.6,106.2-25.6V0H0v30.3c0,0,72,32.6,158.4,30.5c39.2-0.7,92.8-6.7,134-22.4\tc21.2-8.1,52.2-18.2,79.7-24.2C399.3,7.9,411.6,7.5,421.9,6.5z\"\/>\n<\/svg>\t\t<\/div>\n\t\t\t\t\t<div class=\"elementor-container elementor-column-gap-no\">\n\t\t\t\t\t<div class=\"elementor-column elementor-col-100 elementor-top-column elementor-element elementor-element-6c022c76\" data-id=\"6c022c76\" data-element_type=\"column\">\n\t\t\t<div class=\"elementor-widget-wrap elementor-element-populated\">\n\t\t\t\t\t\t\t\t<div class=\"elementor-element elementor-element-5a872c17 elementor-widget elementor-widget-heading\" data-id=\"5a872c17\" data-element_type=\"widget\" data-widget_type=\"heading.default\">\n\t\t\t\t<div class=\"elementor-widget-container\">\n\t\t\t<style>\/*! elementor - v3.12.1 - 02-04-2023 *\/\n.elementor-heading-title{padding:0;margin:0;line-height:1}.elementor-widget-heading .elementor-heading-title[class*=elementor-size-]>a{color:inherit;font-size:inherit;line-height:inherit}.elementor-widget-heading .elementor-heading-title.elementor-size-small{font-size:15px}.elementor-widget-heading .elementor-heading-title.elementor-size-medium{font-size:19px}.elementor-widget-heading .elementor-heading-title.elementor-size-large{font-size:29px}.elementor-widget-heading .elementor-heading-title.elementor-size-xl{font-size:39px}.elementor-widget-heading .elementor-heading-title.elementor-size-xxl{font-size:59px}<\/style><h2 class=\"elementor-heading-title elementor-size-default\">UN TIEMPO<\/h2>\t\t<\/div>\n\t\t\t\t<\/div>\n\t\t\t\t\t<\/div>\n\t\t<\/div>\n\t\t\t\t\t\t\t<\/div>\n\t\t<\/section>\n\t\t\t\t<section class=\"elementor-section elementor-top-section elementor-element elementor-element-39a3800 elementor-section-boxed elementor-section-height-default elementor-section-height-default\" data-id=\"39a3800\" data-element_type=\"section\">\n\t\t\t\t\t\t<div class=\"elementor-container elementor-column-gap-default\">\n\t\t\t\t\t<div class=\"elementor-column elementor-col-50 elementor-top-column elementor-element elementor-element-b0ff4f4\" data-id=\"b0ff4f4\" data-element_type=\"column\">\n\t\t\t<div class=\"elementor-widget-wrap elementor-element-populated\">\n\t\t\t\t\t\t\t\t<div class=\"elementor-element elementor-element-b9516df elementor-widget elementor-widget-image\" data-id=\"b9516df\" data-element_type=\"widget\" data-widget_type=\"image.default\">\n\t\t\t\t<div class=\"elementor-widget-container\">\n\t\t\t<style>\/*! elementor - v3.12.1 - 02-04-2023 *\/\n.elementor-widget-image{text-align:center}.elementor-widget-image a{display:inline-block}.elementor-widget-image a img[src$=\".svg\"]{width:48px}.elementor-widget-image img{vertical-align:middle;display:inline-block}<\/style>\t\t\t\t\t\t\t\t\t\t\t\t<img loading=\"lazy\" decoding=\"async\" width=\"1734\" height=\"2560\" src=\"https:\/\/www.ilove.rio\/wp-content\/uploads\/2022\/09\/Jose\u0301_R004891-scaled.jpeg\" class=\"attachment-full size-full wp-image-7578\" alt=\"\" srcset=\"https:\/\/www.ilove.rio\/wp-content\/uploads\/2022\/09\/Jose\u0301_R004891-scaled.jpeg 1734w, https:\/\/www.ilove.rio\/wp-content\/uploads\/2022\/09\/Jose\u0301_R004891-203x300.jpeg 203w, https:\/\/www.ilove.rio\/wp-content\/uploads\/2022\/09\/Jose\u0301_R004891-694x1024.jpeg 694w, https:\/\/www.ilove.rio\/wp-content\/uploads\/2022\/09\/Jose\u0301_R004891-768x1134.jpeg 768w, https:\/\/www.ilove.rio\/wp-content\/uploads\/2022\/09\/Jose\u0301_R004891-1041x1536.jpeg 1041w, https:\/\/www.ilove.rio\/wp-content\/uploads\/2022\/09\/Jose\u0301_R004891-1387x2048.jpeg 1387w, https:\/\/www.ilove.rio\/wp-content\/uploads\/2022\/09\/Jose\u0301_R004891-8x12.jpeg 8w\" sizes=\"auto, (max-width: 1734px) 100vw, 1734px\" title=\"\">\t\t\t\t\t\t\t\t\t\t\t\t\t\t\t<\/div>\n\t\t\t\t<\/div>\n\t\t\t\t\t<\/div>\n\t\t<\/div>\n\t\t\t\t<div class=\"elementor-column elementor-col-50 elementor-top-column elementor-element elementor-element-2b552d3\" data-id=\"2b552d3\" data-element_type=\"column\">\n\t\t\t<div class=\"elementor-widget-wrap elementor-element-populated\">\n\t\t\t\t\t\t\t\t<div class=\"elementor-element elementor-element-dffd2c7 elementor-widget elementor-widget-text-editor\" data-id=\"dffd2c7\" data-element_type=\"widget\" data-widget_type=\"text-editor.default\">\n\t\t\t\t<div class=\"elementor-widget-container\">\n\t\t\t<style>\/*! elementor - v3.12.1 - 02-04-2023 *\/\n.elementor-widget-text-editor.elementor-drop-cap-view-stacked .elementor-drop-cap{background-color:#69727d;color:#fff}.elementor-widget-text-editor.elementor-drop-cap-view-framed .elementor-drop-cap{color:#69727d;border:3px solid;background-color:transparent}.elementor-widget-text-editor:not(.elementor-drop-cap-view-default) .elementor-drop-cap{margin-top:8px}.elementor-widget-text-editor:not(.elementor-drop-cap-view-default) .elementor-drop-cap-letter{width:1em;height:1em}.elementor-widget-text-editor .elementor-drop-cap{float:left;text-align:center;line-height:1;font-size:50px}.elementor-widget-text-editor .elementor-drop-cap-letter{display:inline-block}<\/style>\t\t\t\t<p><b>Djay \u00c7arav\u00e1 alias Jos\u00e9<\/b><\/p><p>Djay \u00c7arav\u00e1 es un productor, programador musical e investigador brit\u00e1nico autodidacta, con sede en Par\u00eds. Desde hace algunos a\u00f1os, hace que los parisinos se apasionen por la m\u00fasica tropical. Entre otras cosas, hizo la primera parte del concierto de la cantante Renata Rosa en Par\u00eds en julio de 2022. DJ del Carnaval de Sarava en Pradet en 2020, o incluso DJ del Gran Carnaval de Brasil en el Cabaret Sauvage en 2022, o DJ del Festival Fabrique en Hasard Ludique en 2022... DJ \u00c7arav\u00e1 ha pasado por lugares de renombre como La Favela Chic, el Chino de Montreuil, l'Alimentation G\u00e9n\u00e9rale, Punk Paradise, One More, Le Point \u00c9ph\u00e9m\u00e8re, La Petite Halle de La Villette, La Java o incluso Le Studio de l'Ermitage.<\/p><p>El conjunto est\u00e1 compuesto principalmente por sonidos afro-br\u00e9siles, afrogrooves dionis\u00edacos, y por novedades de la m\u00fasica brit\u00e1nica actual.<\/p><p><span style=\"color: var( --e-global-color-text ); font-family: var( --e-global-typography-text-font-family ); font-size: var( --e-global-typography-text-font-size ); font-weight: var( --e-global-typography-text-font-weight );\">Ha producido los \u00faltimos conciertos de un gran guitarrista brit\u00e1nico en Europa, Mario Bakuna en Par\u00eds; tambi\u00e9n los de los instrumentistas Dinho Nogueira y Z\u00e9 Barbeiro, as\u00ed como el concierto del guitarrista brit\u00e1nico Michael Chaves y de la pianista y cantante brit\u00e1nica afincada en Nueva York, Clarice Assadde. En 2019 se ocupar\u00e1 de la producci\u00f3n, en el Estudio del Ermitage, del concierto de la cantante Flavia Bittencourt. Ha trabajado con Beto Souza, ex miembro del grupo m\u00edtico de Brasil, Trio Nordestino. Tambi\u00e9n ha trabajado en la producci\u00f3n del Festival America Connections, que tuvo lugar en 2017, y en el que participaron Flavia Coelho y La Yegros.<\/span><\/p><p>Djay \u00c7arav\u00e1 se uni\u00f3 en 2022 al equipo de Paul-in-Rio, editor del medio musical ILOVE.RIO y de las radios web: Paul-in-Rio, Blue Bossa Nova y I Love Rio. Aporta su conocimiento y experiencia a los programas musicales y produce emisiones tem\u00e1ticas.<\/p><p>\u00a0<\/p><p><u>Algunos enlaces para seguir a Djay \u00c7arav\u00e1 :<\/u><\/p><p><a href=\"https:\/\/www.mixcloud.com\/ZeKalik\/\u00e7arav\u00e1c-cin\u00e9-mixtape-paris-summer\/\" target=\"_blank\" rel=\"noopener nofollow\">https:\/\/www.mixcloud.com\/ZeKalik\/\u00e7arav\u00e1c-cin\u00e9-mixtape-paris-summer\/<\/a><\/p><p><a href=\"https:\/\/www.instagram.com\/djaycarava\/\" target=\"_blank\" rel=\"noopener nofollow\">https:\/\/www.instagram.com\/djaycarava\/<\/a><\/p><p><a href=\"https:\/\/linktr.ee\/carava\" target=\"_blank\" rel=\"noopener nofollow\">https:\/\/linktr.ee\/carava<\/a><\/p>\t\t\t\t\t\t<\/div>\n\t\t\t\t<\/div>\n\t\t\t\t\t<\/div>\n\t\t<\/div>\n\t\t\t\t\t\t\t<\/div>\n\t\t<\/section>\n\t\t\t\t\t\t\t<\/div>","protected":false},"excerpt":{"rendered":"<p>A TIME Djay \u00c7arav\u00e1 aka Jos\u00e9 Djay \u00c7arav\u00e1 es un productor, programador musical e investigador brit\u00e1nico autodidacta, con sede en Par\u00eds. Desde hace algunos a\u00f1os, hace que los parisinos se apasionen por la m\u00fasica tropical. Entre otras cosas, hizo la primera parte del concierto de la cantante Renata Rosa en Par\u00eds en julio de 2022. DJ del Carnaval [...]<\/p>","protected":false},"author":2,"featured_media":0,"parent":0,"menu_order":0,"comment_status":"closed","ping_status":"closed","template":"","meta":{"footnotes":""},"class_list":["post-7568","page","type-page","status-publish","hentry"],"acf":[],"_links":{"self":[{"href":"https:\/\/www.ilove.rio\/es\/wp-json\/wp\/v2\/pages\/7568","targetHints":{"allow":["GET"]}}],"collection":[{"href":"https:\/\/www.ilove.rio\/es\/wp-json\/wp\/v2\/pages"}],"about":[{"href":"https:\/\/www.ilove.rio\/es\/wp-json\/wp\/v2\/types\/page"}],"author":[{"embeddable":true,"href":"https:\/\/www.ilove.rio\/es\/wp-json\/wp\/v2\/users\/2"}],"replies":[{"embeddable":true,"href":"https:\/\/www.ilove.rio\/es\/wp-json\/wp\/v2\/comments?post=7568"}],"version-history":[{"count":4,"href":"https:\/\/www.ilove.rio\/es\/wp-json\/wp\/v2\/pages\/7568\/revisions"}],"predecessor-version":[{"id":8902,"href":"https:\/\/www.ilove.rio\/es\/wp-json\/wp\/v2\/pages\/7568\/revisions\/8902"}],"wp:attachment":[{"href":"https:\/\/www.ilove.rio\/es\/wp-json\/wp\/v2\/media?parent=7568"}],"curies":[{"name":"wp","href":"https:\/\/api.w.org\/{rel}","templated":true}]}}