{"id":4686,"date":"2021-12-21T14:17:45","date_gmt":"2021-12-21T13:17:45","guid":{"rendered":"https:\/\/www.ilove.rio\/?page_id=4686"},"modified":"2023-05-09T19:25:49","modified_gmt":"2023-05-09T17:25:49","slug":"support-us-donate","status":"publish","type":"page","link":"https:\/\/www.ilove.rio\/es\/support-us-donate\/","title":{"rendered":"Ap\u00f3yanos, dona"},"content":{"rendered":"<div data-elementor-type=\"wp-page\" data-elementor-id=\"4686\" class=\"elementor elementor-4686\">\n\t\t\t\t\t\t\t\t\t<section class=\"elementor-section elementor-top-section elementor-element elementor-element-2cf159a2 elementor-section-height-min-height elementor-section-boxed elementor-section-height-default elementor-section-items-middle\" data-id=\"2cf159a2\" data-element_type=\"section\" data-settings=\"{&quot;background_background&quot;:&quot;slideshow&quot;,&quot;background_slideshow_gallery&quot;:[{&quot;id&quot;:4334,&quot;url&quot;:&quot;https:\\\/\\\/www.ilove.rio\\\/wp-content\\\/uploads\\\/2021\\\/12\\\/Bandeau-top-corcovado-1600x600-1.jpg&quot;},{&quot;id&quot;:4342,&quot;url&quot;:&quot;https:\\\/\\\/www.ilove.rio\\\/wp-content\\\/uploads\\\/2021\\\/12\\\/Bandeau-top-Mur-du-son-1600x600-1.jpg&quot;},{&quot;id&quot;:4343,&quot;url&quot;:&quot;https:\\\/\\\/www.ilove.rio\\\/wp-content\\\/uploads\\\/2021\\\/12\\\/Bandeau-top-praiario-1600x600-1.jpg&quot;},{&quot;id&quot;:4337,&quot;url&quot;:&quot;https:\\\/\\\/www.ilove.rio\\\/wp-content\\\/uploads\\\/2021\\\/12\\\/Bandeau-top-favelasnight-1600x600-1.jpg&quot;}],&quot;background_slideshow_ken_burns&quot;:&quot;yes&quot;,&quot;shape_divider_bottom&quot;:&quot;waves&quot;,&quot;background_slideshow_loop&quot;:&quot;yes&quot;,&quot;background_slideshow_slide_duration&quot;:5000,&quot;background_slideshow_slide_transition&quot;:&quot;fade&quot;,&quot;background_slideshow_transition_duration&quot;:500,&quot;background_slideshow_ken_burns_zoom_direction&quot;:&quot;in&quot;}\">\n\t\t\t\t\t\t\t<div class=\"elementor-background-overlay\"><\/div>\n\t\t\t\t\t\t<div class=\"elementor-shape elementor-shape-bottom\" data-negative=\"false\">\n\t\t\t<svg xmlns=\"http:\/\/www.w3.org\/2000\/svg\" viewbox=\"0 0 1000 100\" preserveaspectratio=\"none\">\n\t<path class=\"elementor-shape-fill\" d=\"M421.9,6.5c22.6-2.5,51.5,0.4,75.5,5.3c23.6,4.9,70.9,23.5,100.5,35.7c75.8,32.2,133.7,44.5,192.6,49.7\tc23.6,2.1,48.7,3.5,103.4-2.5c54.7-6,106.2-25.6,106.2-25.6V0H0v30.3c0,0,72,32.6,158.4,30.5c39.2-0.7,92.8-6.7,134-22.4\tc21.2-8.1,52.2-18.2,79.7-24.2C399.3,7.9,411.6,7.5,421.9,6.5z\"\/>\n<\/svg>\t\t<\/div>\n\t\t\t\t\t<div class=\"elementor-container elementor-column-gap-no\">\n\t\t\t\t\t<div class=\"elementor-column elementor-col-100 elementor-top-column elementor-element elementor-element-79dc3f34\" data-id=\"79dc3f34\" data-element_type=\"column\">\n\t\t\t<div class=\"elementor-widget-wrap elementor-element-populated\">\n\t\t\t\t\t\t\t\t<div class=\"elementor-element elementor-element-277b734 elementor-widget elementor-widget-heading\" data-id=\"277b734\" data-element_type=\"widget\" data-widget_type=\"heading.default\">\n\t\t\t\t<div class=\"elementor-widget-container\">\n\t\t\t<style>\/*! elementor - v3.12.1 - 02-04-2023 *\/\n.elementor-heading-title{padding:0;margin:0;line-height:1}.elementor-widget-heading .elementor-heading-title[class*=elementor-size-]>a{color:inherit;font-size:inherit;line-height:inherit}.elementor-widget-heading .elementor-heading-title.elementor-size-small{font-size:15px}.elementor-widget-heading .elementor-heading-title.elementor-size-medium{font-size:19px}.elementor-widget-heading .elementor-heading-title.elementor-size-large{font-size:29px}.elementor-widget-heading .elementor-heading-title.elementor-size-xl{font-size:39px}.elementor-widget-heading .elementor-heading-title.elementor-size-xxl{font-size:59px}<\/style><h2 class=\"elementor-heading-title elementor-size-default\">\u00a1APOYANOS!<br>NECESITAMOS TU AYUDA PARA CRECER Y PROGRESAR<\/h2>\t\t<\/div>\n\t\t\t\t<\/div>\n\t\t\t\t\t<\/div>\n\t\t<\/div>\n\t\t\t\t\t\t\t<\/div>\n\t\t<\/section>\n\t\t\t\t<section class=\"elementor-section elementor-top-section elementor-element elementor-element-7d09bc3 elementor-section-boxed elementor-section-height-default elementor-section-height-default\" data-id=\"7d09bc3\" data-element_type=\"section\">\n\t\t\t\t\t\t<div class=\"elementor-container elementor-column-gap-default\">\n\t\t\t\t\t<div class=\"elementor-column elementor-col-100 elementor-top-column elementor-element elementor-element-499ffdc\" data-id=\"499ffdc\" data-element_type=\"column\">\n\t\t\t<div class=\"elementor-widget-wrap elementor-element-populated\">\n\t\t\t\t\t\t\t\t<div class=\"elementor-element elementor-element-b7cb520 elementor-headline--style-highlight elementor-widget elementor-widget-animated-headline\" data-id=\"b7cb520\" data-element_type=\"widget\" data-settings=\"{&quot;marker&quot;:&quot;underline_zigzag&quot;,&quot;highlighted_text&quot;:&quot;your support&quot;,&quot;headline_style&quot;:&quot;highlight&quot;,&quot;loop&quot;:&quot;yes&quot;,&quot;highlight_animation_duration&quot;:1200,&quot;highlight_iteration_delay&quot;:8000}\" data-widget_type=\"animated-headline.default\">\n\t\t\t\t<div class=\"elementor-widget-container\">\n\t\t\t<link rel=\"stylesheet\" href=\"https:\/\/www.ilove.rio\/wp-content\/plugins\/elementor-pro\/assets\/css\/widget-animated-headline.min.css\">\t\t<h3 class=\"elementor-headline\">\n\t\t\t\t\t<span class=\"elementor-headline-plain-text elementor-headline-text-wrapper\">Necesitamos<\/span>\n\t\t\t\t<span class=\"elementor-headline-dynamic-wrapper elementor-headline-text-wrapper\">\n\t\t\t\t\t<span class=\"elementor-headline-dynamic-text elementor-headline-text-active\">su apoyo<\/span>\n\t\t\t\t<\/span>\n\t\t\t\t\t<span class=\"elementor-headline-plain-text elementor-headline-text-wrapper\">y la donaci\u00f3n<\/span>\n\t\t\t\t\t<\/h3>\n\t\t\t\t<\/div>\n\t\t\t\t<\/div>\n\t\t\t\t<div class=\"elementor-element elementor-element-55da8dd elementor-widget elementor-widget-text-editor\" data-id=\"55da8dd\" data-element_type=\"widget\" data-widget_type=\"text-editor.default\">\n\t\t\t\t<div class=\"elementor-widget-container\">\n\t\t\t<style>\/*! elementor - v3.12.1 - 02-04-2023 *\/\n.elementor-widget-text-editor.elementor-drop-cap-view-stacked .elementor-drop-cap{background-color:#69727d;color:#fff}.elementor-widget-text-editor.elementor-drop-cap-view-framed .elementor-drop-cap{color:#69727d;border:3px solid;background-color:transparent}.elementor-widget-text-editor:not(.elementor-drop-cap-view-default) .elementor-drop-cap{margin-top:8px}.elementor-widget-text-editor:not(.elementor-drop-cap-view-default) .elementor-drop-cap-letter{width:1em;height:1em}.elementor-widget-text-editor .elementor-drop-cap{float:left;text-align:center;line-height:1;font-size:50px}.elementor-widget-text-editor .elementor-drop-cap-letter{display:inline-block}<\/style>\t\t\t\t<p><strong>\u00a1Mensaje de PAUL-IN-RIO (alias Laurent Cappoen) fundador de ILOVE.RIO y presidente de la organizaci\u00f3n OBA! CULTURA:<\/strong><\/p><p>ILOVE.RIO es un medio de comunicaci\u00f3n \u00fanico y emocionante dedicado 100% a la m\u00fasica y la cultura brasile\u00f1a y \"carioca\". Las radios web y el canal de televisi\u00f3n digital ILOVE.RIO re\u00fanen cada mes a cientos de miles de amantes de Brasil. Nuestras radios web son accesibles en todo el mundo y son conocidas por ser seguidas por los amantes de la m\u00fasica brasile\u00f1a en todo el mundo.<\/p><p>No hay nada monstruoso en los negocios y la publicidad no es un mal en s\u00ed misma. Pero ninguno de los dos tiene realmente cabida en nuestros medios de comunicaci\u00f3n y en nuestras ondas. Es antinatural y sobre todo no se adapta a los oyentes de hoy y de ma\u00f1ana. As\u00ed que no lo queremos en ILOVE.RIO y sus medios de comunicaci\u00f3n. ILOVE.RIO es un espacio especial en la web. Como una discoteca brasile\u00f1a ideal, es un refugio para el cerebro y los o\u00eddos. Es un lugar maravilloso donde todo amante de Brasil puede cerrar los ojos y so\u00f1ar. \"O pa\u00eds de todos\", el pa\u00eds de todos, el pa\u00eds del futuro nos invita a escapar.<\/p><p>Al fundar primero nuestras 3 radios web y luego nuestro canal de televisi\u00f3n digital, podr\u00eda haber creado una empresa comercial y vender espacios publicitarios y buscar audiencia a toda costa, pero decid\u00ed hacer algo diferente. A lo largo de los a\u00f1os he trabajado duro para conservar el alma, el esp\u00edritu, el jugo puro de las vitaminas 100% para que nuestros medios de comunicaci\u00f3n sean eficaces y econ\u00f3micos. Hoy, seguimos cumpliendo nuestra misi\u00f3n. Si cada persona que escucha o lee este mensaje nos diera algo, \u00a1nuestra recaudaci\u00f3n de fondos se completar\u00eda en pocos d\u00edas!<\/p><p>Piensa en todo lo que podemos conseguir juntos.<\/p><p>\u00a1Si lo desea, puede ayudar a I LOVE RIO a llegar m\u00e1s lejos, uni\u00e9ndose a nosotros en la contribuci\u00f3n y donaci\u00f3n a nuestra organizaci\u00f3n OBA! CULTURA. Elige una cantidad que se ajuste a tus posibilidades. No hay diferencia entre una peque\u00f1a o gran contribuci\u00f3n financiera. Es s\u00f3lo usted y nosotros para compartir y promover - juntos - nuestra pasi\u00f3n por la m\u00fasica y la cultura brasile\u00f1a.<\/p><p><strong>Su apoyo nos permite financiar nuestros medios de comunicaci\u00f3n gratuitos e independientes reunidos en ILOVE.RIO. Sus donaciones nos permiten financiar:<\/strong><\/p><p>1. nuestros medios t\u00e9cnicos, nuestras herramientas de producci\u00f3n y, en la medida de lo posible, nuestro personal dedicado,<\/p><p>y si podemos esperar m\u00e1s:<\/p><p>2. producciones de artistas brasile\u00f1os y producciones de documentales y reportajes dedicados a la m\u00fasica y la cultura brasile\u00f1as.<\/p><p>3. el desarrollo de conciertos y giras de artistas brasile\u00f1os e incluso, si podemos so\u00f1ar: un festival de talentos brasile\u00f1os.<\/p><p>4. el desarrollo de nuestros medios y contenidos en la web y los medios OTT.<\/p><p>Vamos a evolucionar en los pr\u00f3ximos meses para traerles lo mejor del arte de la \"alegr\u00eda de vivir\" y de la cultura brasile\u00f1a. Este a\u00f1o, por favor considere hacer una donaci\u00f3n de $6 o $12 o $24 o $48 o incluso $120 anualmente o una vez, para proteger y preservar ILOVE.RIO, nuestras radios web y nuestro canal de televisi\u00f3n digital.<\/p><p>Gracias de antemano.<\/p>\t\t\t\t\t\t<\/div>\n\t\t\t\t<\/div>\n\t\t\t\t\t<\/div>\n\t\t<\/div>\n\t\t\t\t\t\t\t<\/div>\n\t\t<\/section>\n\t\t\t\t<section class=\"elementor-section elementor-top-section elementor-element elementor-element-860a2f9 elementor-section-boxed elementor-section-height-default elementor-section-height-default\" data-id=\"860a2f9\" data-element_type=\"section\">\n\t\t\t\t\t\t<div class=\"elementor-container elementor-column-gap-default\">\n\t\t\t\t\t<div class=\"elementor-column elementor-col-100 elementor-top-column elementor-element elementor-element-3b03cf2\" data-id=\"3b03cf2\" data-element_type=\"column\">\n\t\t\t<div class=\"elementor-widget-wrap elementor-element-populated\">\n\t\t\t\t\t\t\t\t<div class=\"elementor-element elementor-element-27c37e6 elementor-align-center elementor-tablet-align-center elementor-mobile-align-left elementor-widget elementor-widget-button\" data-id=\"27c37e6\" data-element_type=\"widget\" data-widget_type=\"button.default\">\n\t\t\t\t<div class=\"elementor-widget-container\">\n\t\t\t\t\t<div class=\"elementor-button-wrapper\">\n\t\t\t<a href=\"#elementor-action:action=popup:open&settings=eyJpZCI6IjIyNzIiLCJ0b2dnbGUiOmZhbHNlfQ==\" class=\"elementor-button-link elementor-button elementor-size-sm\" role=\"button\">\n\t\t\t\t\t\t<span class=\"elementor-button-content-wrapper\">\n\t\t\t\t\t\t\t<span class=\"elementor-button-icon elementor-align-icon-right\">\n\t\t\t\t<svg aria-hidden=\"true\" class=\"e-font-icon-svg e-fas-angle-right\" viewbox=\"0 0 256 512\" xmlns=\"http:\/\/www.w3.org\/2000\/svg\"><path d=\"M224.3 273l-136 136c-9.4 9.4-24.6 9.4-33.9 0l-22.6-22.6c-9.4-9.4-9.4-24.6 0-33.9l96.4-96.4-96.4-96.4c-9.4-9.4-9.4-24.6 0-33.9L54.3 103c9.4-9.4 24.6-9.4 33.9 0l136 136c9.5 9.4 9.5 24.6.1 34z\"><\/path><\/svg>\t\t\t<\/span>\n\t\t\t\t\t\t<span class=\"elementor-button-text\"> \u00a1AP\u00d3YANOS, DONA AHORA!<\/span>\n\t\t<\/span>\n\t\t\t\t\t<\/a>\n\t\t<\/div>\n\t\t\t\t<\/div>\n\t\t\t\t<\/div>\n\t\t\t\t\t<\/div>\n\t\t<\/div>\n\t\t\t\t\t\t\t<\/div>\n\t\t<\/section>\n\t\t\t\t\t\t\t<\/div>","protected":false},"excerpt":{"rendered":"<p>\u00a1NECESITAMOS TU AYUDA PARA CRECER Y PROGRESAR Necesitamos tu apoyo y donaci\u00f3n Mensaje de PAUL-IN-RIO (alias Laurent Cappoen) fundador de ILOVE.RIO y presidente de la organizaci\u00f3n OBA! CULTURA: ILOVE.RIO es un medio de comunicaci\u00f3n \u00fanico y emocionante dedicado 100% a la m\u00fasica y la cultura brasile\u00f1a y \"carioca\". Las radios web y el canal de televisi\u00f3n digital [...]<\/p>","protected":false},"author":2,"featured_media":0,"parent":0,"menu_order":0,"comment_status":"closed","ping_status":"closed","template":"","meta":{"footnotes":""},"class_list":["post-4686","page","type-page","status-publish","hentry"],"acf":[],"_links":{"self":[{"href":"https:\/\/www.ilove.rio\/es\/wp-json\/wp\/v2\/pages\/4686","targetHints":{"allow":["GET"]}}],"collection":[{"href":"https:\/\/www.ilove.rio\/es\/wp-json\/wp\/v2\/pages"}],"about":[{"href":"https:\/\/www.ilove.rio\/es\/wp-json\/wp\/v2\/types\/page"}],"author":[{"embeddable":true,"href":"https:\/\/www.ilove.rio\/es\/wp-json\/wp\/v2\/users\/2"}],"replies":[{"embeddable":true,"href":"https:\/\/www.ilove.rio\/es\/wp-json\/wp\/v2\/comments?post=4686"}],"version-history":[{"count":4,"href":"https:\/\/www.ilove.rio\/es\/wp-json\/wp\/v2\/pages\/4686\/revisions"}],"predecessor-version":[{"id":8898,"href":"https:\/\/www.ilove.rio\/es\/wp-json\/wp\/v2\/pages\/4686\/revisions\/8898"}],"wp:attachment":[{"href":"https:\/\/www.ilove.rio\/es\/wp-json\/wp\/v2\/media?parent=4686"}],"curies":[{"name":"wp","href":"https:\/\/api.w.org\/{rel}","templated":true}]}}